{"id":5423,"date":"2023-02-27T10:17:34","date_gmt":"2023-02-27T09:17:34","guid":{"rendered":"https:\/\/bergrettung.tirol\/interreg\/"},"modified":"2024-03-22T10:07:11","modified_gmt":"2024-03-22T09:07:11","slug":"interreg","status":"publish","type":"page","link":"https:\/\/bergrettung.tirol\/en\/interreg\/","title":{"rendered":"InterReg"},"content":{"rendered":"\t\t<div data-elementor-type=\"wp-page\" data-elementor-id=\"5423\" class=\"elementor elementor-5423 elementor-4071\" data-elementor-post-type=\"page\">\n\t\t\t\t\t\t<section class=\"elementor-section elementor-top-section elementor-element elementor-element-09b837e elementor-section-boxed elementor-section-height-default elementor-section-height-default\" data-id=\"09b837e\" data-element_type=\"section\">\n\t\t\t\t\t\t<div class=\"elementor-container elementor-column-gap-default\">\n\t\t\t\t\t<div class=\"elementor-column elementor-col-50 elementor-top-column elementor-element elementor-element-49e9027\" data-id=\"49e9027\" data-element_type=\"column\">\n\t\t\t<div class=\"elementor-widget-wrap elementor-element-populated\">\n\t\t\t\t\t\t<div class=\"elementor-element elementor-element-67d13fe elementor-widget elementor-widget-heading\" data-id=\"67d13fe\" data-element_type=\"widget\" data-widget_type=\"heading.default\">\n\t\t\t\t<div class=\"elementor-widget-container\">\n\t\t\t\t\t<h1 class=\"elementor-heading-title elementor-size-xl\">Smart Test Alpine rescue equipment &amp; technology<\/h1>\t\t\t\t<\/div>\n\t\t\t\t<\/div>\n\t\t\t\t\t<\/div>\n\t\t<\/div>\n\t\t\t\t<div class=\"elementor-column elementor-col-50 elementor-top-column elementor-element elementor-element-0170521\" data-id=\"0170521\" data-element_type=\"column\">\n\t\t\t<div class=\"elementor-widget-wrap elementor-element-populated\">\n\t\t\t\t\t\t<div class=\"elementor-element elementor-element-7a60285 elementor-widget elementor-widget-image\" data-id=\"7a60285\" data-element_type=\"widget\" data-widget_type=\"image.default\">\n\t\t\t\t<div class=\"elementor-widget-container\">\n\t\t\t\t\t\t\t\t\t\t\t\t\t\t\t<img fetchpriority=\"high\" decoding=\"async\" width=\"560\" height=\"175\" src=\"https:\/\/bergrettung.tirol\/wp-content\/uploads\/2022\/04\/Interreg_Italia-Oesterreich.png\" class=\"attachment-medium_large size-medium_large wp-image-5149\" alt=\"\" srcset=\"https:\/\/bergrettung.tirol\/wp-content\/uploads\/2022\/04\/Interreg_Italia-Oesterreich.png 560w, https:\/\/bergrettung.tirol\/wp-content\/uploads\/2022\/04\/Interreg_Italia-Oesterreich-300x94.png 300w\" sizes=\"(max-width: 560px) 100vw, 560px\" \/>\t\t\t\t\t\t\t\t\t\t\t\t\t\t\t<\/div>\n\t\t\t\t<\/div>\n\t\t\t\t\t<\/div>\n\t\t<\/div>\n\t\t\t\t\t<\/div>\n\t\t<\/section>\n\t\t\t\t<section class=\"elementor-section elementor-top-section elementor-element elementor-element-bd76f06 elementor-section-boxed elementor-section-height-default elementor-section-height-default\" data-id=\"bd76f06\" data-element_type=\"section\">\n\t\t\t\t\t\t<div class=\"elementor-container elementor-column-gap-default\">\n\t\t\t\t\t<div class=\"elementor-column elementor-col-50 elementor-top-column elementor-element elementor-element-3789310\" data-id=\"3789310\" data-element_type=\"column\">\n\t\t\t<div class=\"elementor-widget-wrap elementor-element-populated\">\n\t\t\t\t\t\t<div class=\"elementor-element elementor-element-35edfd2 elementor-widget elementor-widget-text-editor\" data-id=\"35edfd2\" data-element_type=\"widget\" data-widget_type=\"text-editor.default\">\n\t\t\t\t<div class=\"elementor-widget-container\">\n\t\t\t\t\t\t\t\t\t<p>Interreg V-A Italia-\u00d6sterreich 2014-2020: Projekt ID ITAT3023<\/p>\n<h3><strong>Project goals<\/strong><\/h3>\n<p>Strengthen cross-border institutional cooperation between mountain rescue organisations and coordinate cross-border rescue operations<\/p>\n<p>Develop common methods for the introduction of new technologies and processes<\/p>\n<p>Create a pilot area to test new technologies and corresponding deployment protocols<\/p>\n<p>Develop IT applications and IT support to better help people in mountain distress and to sustainably improve cooperation between mountain rescue services in border areas. This collaboration is also to be promoted beyond the duration of the project in order to test new technologies for optimising the rescue chain efficiently and cost-effectively.<\/p>\n\t\t\t\t\t\t\t\t<\/div>\n\t\t\t\t<\/div>\n\t\t\t\t\t<\/div>\n\t\t<\/div>\n\t\t\t\t<div class=\"elementor-column elementor-col-50 elementor-top-column elementor-element elementor-element-4125e70\" data-id=\"4125e70\" data-element_type=\"column\">\n\t\t\t<div class=\"elementor-widget-wrap elementor-element-populated\">\n\t\t\t\t\t\t<div class=\"elementor-element elementor-element-58f0096 elementor-widget elementor-widget-text-editor\" data-id=\"58f0096\" data-element_type=\"widget\" data-widget_type=\"text-editor.default\">\n\t\t\t\t<div class=\"elementor-widget-container\">\n\t\t\t\t\t\t\t\t\t<p><strong>Project information<\/strong><\/p>\n<p>Duration: January 2018 to February 2020<\/p>\n<p><strong>Project management<\/strong><\/p>\n<p>Austrian Mountain Rescue &#8211; Tyrol<\/p>\n<p><strong>Project partners<\/strong><\/p>\n<p>South Tyrolean mountain and cave rescue service<br \/><span style=\"color: var( --e-global-color-text ); font-size: 1rem;\">CNSAS<br \/><\/span><span style=\"color: var( --e-global-color-text ); font-size: 1rem;\">Mountain rescue service in the South Tyrolean Alpine Association<br \/><\/span><span style=\"color: var( --e-global-color-text ); font-size: 1rem;\">Azienda ULSS n.1 Dolomiti<br \/><\/span><span style=\"color: var( --e-global-color-text ); font-size: 1rem;\">IDM S\u00fcdtirol &#8211; Alto Adige<br \/><\/span><span style=\"color: var( --e-global-color-text ); font-size: 1rem;\">Universit\u00e4t Klagenfurt<br \/><\/span><span style=\"color: var( --e-global-color-text ); font-size: 1rem;\">Eurac Research<\/span><\/p>\n<p><strong>F\u00f6rdergeber: <\/strong>Interreg V-A Italien-\u00d6sterreich 2014-2020, Europ\u00e4i\u00adscher Fonds f\u00fcr regionale Entwicklung (EFRE) &#8211; European Regional Development Fund (ERDF) und nationale \u00f6ffentliche Beitr\u00e4ge<\/p>\n\t\t\t\t\t\t\t\t<\/div>\n\t\t\t\t<\/div>\n\t\t\t\t\t<\/div>\n\t\t<\/div>\n\t\t\t\t\t<\/div>\n\t\t<\/section>\n\t\t\t\t<\/div>\n\t\t","protected":false},"excerpt":{"rendered":"Smart Test Alpine rescue equipment &amp; technology Interreg V-A Italia-\u00d6sterreich 2014-2020: Projekt ID ITAT3023 Project goals Strengthen cross-border institutional cooperation between mountain rescue organisations and coordinate cross-border rescue operations Develop common methods for the introduction of new technologies and processes Create a pilot area to test new technologies and corresponding deployment protocols Develop IT applications [&hellip;]","protected":false},"author":1,"featured_media":5150,"parent":0,"menu_order":0,"comment_status":"closed","ping_status":"closed","template":"","meta":{"_acf_changed":false,"footnotes":""},"class_list":["post-5423","page","type-page","status-publish","has-post-thumbnail","hentry"],"acf":{"headline_1":"INTERREG","headline_2":"ITALY ","headline_3":"AUSTRIA"},"yoast_head":"<!-- This site is optimized with the Yoast SEO plugin v25.7 - https:\/\/yoast.com\/wordpress\/plugins\/seo\/ -->\n<title>InterReg - Bergrettung Tirol<\/title>\n<meta name=\"robots\" content=\"index, follow, max-snippet:-1, max-image-preview:large, max-video-preview:-1\" \/>\n<link rel=\"canonical\" href=\"https:\/\/bergrettung.tirol\/en\/interreg\/\" \/>\n<meta property=\"og:locale\" content=\"en_US\" \/>\n<meta property=\"og:type\" content=\"article\" \/>\n<meta property=\"og:title\" content=\"InterReg - Bergrettung Tirol\" \/>\n<meta property=\"og:description\" content=\"Smart Test Alpine rescue equipment &amp; technology Interreg V-A Italia-\u00d6sterreich 2014-2020: Projekt ID ITAT3023 Project goals Strengthen cross-border institutional cooperation between mountain rescue organisations and coordinate cross-border rescue operations Develop common methods for the introduction of new technologies and processes Create a pilot area to test new technologies and corresponding deployment protocols Develop IT applications [&hellip;]\" \/>\n<meta property=\"og:url\" content=\"https:\/\/bergrettung.tirol\/en\/interreg\/\" \/>\n<meta property=\"og:site_name\" content=\"Bergrettung Tirol\" \/>\n<meta property=\"article:publisher\" content=\"https:\/\/www.facebook.com\/BergrettungTirol\" \/>\n<meta property=\"article:modified_time\" content=\"2024-03-22T09:07:11+00:00\" \/>\n<meta property=\"og:image\" content=\"https:\/\/bergrettung.tirol\/wp-content\/uploads\/2023\/02\/interreg_startbild-scaled.jpg\" \/>\n\t<meta property=\"og:image:width\" content=\"2560\" \/>\n\t<meta property=\"og:image:height\" content=\"1143\" \/>\n\t<meta property=\"og:image:type\" content=\"image\/jpeg\" \/>\n<meta name=\"twitter:card\" content=\"summary_large_image\" \/>\n<meta name=\"twitter:label1\" content=\"Est. reading time\" \/>\n\t<meta name=\"twitter:data1\" content=\"2 minutes\" \/>\n<script type=\"application\/ld+json\" class=\"yoast-schema-graph\">{\"@context\":\"https:\/\/schema.org\",\"@graph\":[{\"@type\":\"WebPage\",\"@id\":\"https:\/\/bergrettung.tirol\/en\/interreg\/\",\"url\":\"https:\/\/bergrettung.tirol\/en\/interreg\/\",\"name\":\"InterReg - Bergrettung Tirol\",\"isPartOf\":{\"@id\":\"https:\/\/bergrettung.tirol\/#website\"},\"primaryImageOfPage\":{\"@id\":\"https:\/\/bergrettung.tirol\/en\/interreg\/#primaryimage\"},\"image\":{\"@id\":\"https:\/\/bergrettung.tirol\/en\/interreg\/#primaryimage\"},\"thumbnailUrl\":\"https:\/\/bergrettung.tirol\/wp-content\/uploads\/2023\/02\/interreg_startbild-scaled.jpg\",\"datePublished\":\"2023-02-27T09:17:34+00:00\",\"dateModified\":\"2024-03-22T09:07:11+00:00\",\"breadcrumb\":{\"@id\":\"https:\/\/bergrettung.tirol\/en\/interreg\/#breadcrumb\"},\"inLanguage\":\"en-US\",\"potentialAction\":[{\"@type\":\"ReadAction\",\"target\":[\"https:\/\/bergrettung.tirol\/en\/interreg\/\"]}]},{\"@type\":\"ImageObject\",\"inLanguage\":\"en-US\",\"@id\":\"https:\/\/bergrettung.tirol\/en\/interreg\/#primaryimage\",\"url\":\"https:\/\/bergrettung.tirol\/wp-content\/uploads\/2023\/02\/interreg_startbild-scaled.jpg\",\"contentUrl\":\"https:\/\/bergrettung.tirol\/wp-content\/uploads\/2023\/02\/interreg_startbild-scaled.jpg\",\"width\":2560,\"height\":1143},{\"@type\":\"BreadcrumbList\",\"@id\":\"https:\/\/bergrettung.tirol\/en\/interreg\/#breadcrumb\",\"itemListElement\":[{\"@type\":\"ListItem\",\"position\":1,\"name\":\"Startseite\",\"item\":\"https:\/\/bergrettung.tirol\/\"},{\"@type\":\"ListItem\",\"position\":2,\"name\":\"InterReg\"}]},{\"@type\":\"WebSite\",\"@id\":\"https:\/\/bergrettung.tirol\/#website\",\"url\":\"https:\/\/bergrettung.tirol\/\",\"name\":\"Bergrettung Tirol\",\"description\":\"professionelle Rettung im alpinen Gel\u00e4nde\",\"publisher\":{\"@id\":\"https:\/\/bergrettung.tirol\/#organization\"},\"potentialAction\":[{\"@type\":\"SearchAction\",\"target\":{\"@type\":\"EntryPoint\",\"urlTemplate\":\"https:\/\/bergrettung.tirol\/?s={search_term_string}\"},\"query-input\":{\"@type\":\"PropertyValueSpecification\",\"valueRequired\":true,\"valueName\":\"search_term_string\"}}],\"inLanguage\":\"en-US\"},{\"@type\":\"Organization\",\"@id\":\"https:\/\/bergrettung.tirol\/#organization\",\"name\":\"Bergrettung Tirol\",\"url\":\"https:\/\/bergrettung.tirol\/\",\"logo\":{\"@type\":\"ImageObject\",\"inLanguage\":\"en-US\",\"@id\":\"https:\/\/bergrettung.tirol\/#\/schema\/logo\/image\/\",\"url\":\"https:\/\/web.bergrettung.tirol\/wp-content\/uploads\/2022\/05\/cropped-icon.png\",\"contentUrl\":\"https:\/\/web.bergrettung.tirol\/wp-content\/uploads\/2022\/05\/cropped-icon.png\",\"width\":512,\"height\":512,\"caption\":\"Bergrettung Tirol\"},\"image\":{\"@id\":\"https:\/\/bergrettung.tirol\/#\/schema\/logo\/image\/\"},\"sameAs\":[\"https:\/\/www.facebook.com\/BergrettungTirol\"]}]}<\/script>\n<!-- \/ Yoast SEO plugin. -->","yoast_head_json":{"title":"InterReg - Bergrettung Tirol","robots":{"index":"index","follow":"follow","max-snippet":"max-snippet:-1","max-image-preview":"max-image-preview:large","max-video-preview":"max-video-preview:-1"},"canonical":"https:\/\/bergrettung.tirol\/en\/interreg\/","og_locale":"en_US","og_type":"article","og_title":"InterReg - Bergrettung Tirol","og_description":"Smart Test Alpine rescue equipment &amp; technology Interreg V-A Italia-\u00d6sterreich 2014-2020: Projekt ID ITAT3023 Project goals Strengthen cross-border institutional cooperation between mountain rescue organisations and coordinate cross-border rescue operations Develop common methods for the introduction of new technologies and processes Create a pilot area to test new technologies and corresponding deployment protocols Develop IT applications [&hellip;]","og_url":"https:\/\/bergrettung.tirol\/en\/interreg\/","og_site_name":"Bergrettung Tirol","article_publisher":"https:\/\/www.facebook.com\/BergrettungTirol","article_modified_time":"2024-03-22T09:07:11+00:00","og_image":[{"width":2560,"height":1143,"url":"https:\/\/bergrettung.tirol\/wp-content\/uploads\/2023\/02\/interreg_startbild-scaled.jpg","type":"image\/jpeg"}],"twitter_card":"summary_large_image","twitter_misc":{"Est. reading time":"2 minutes"},"schema":{"@context":"https:\/\/schema.org","@graph":[{"@type":"WebPage","@id":"https:\/\/bergrettung.tirol\/en\/interreg\/","url":"https:\/\/bergrettung.tirol\/en\/interreg\/","name":"InterReg - Bergrettung Tirol","isPartOf":{"@id":"https:\/\/bergrettung.tirol\/#website"},"primaryImageOfPage":{"@id":"https:\/\/bergrettung.tirol\/en\/interreg\/#primaryimage"},"image":{"@id":"https:\/\/bergrettung.tirol\/en\/interreg\/#primaryimage"},"thumbnailUrl":"https:\/\/bergrettung.tirol\/wp-content\/uploads\/2023\/02\/interreg_startbild-scaled.jpg","datePublished":"2023-02-27T09:17:34+00:00","dateModified":"2024-03-22T09:07:11+00:00","breadcrumb":{"@id":"https:\/\/bergrettung.tirol\/en\/interreg\/#breadcrumb"},"inLanguage":"en-US","potentialAction":[{"@type":"ReadAction","target":["https:\/\/bergrettung.tirol\/en\/interreg\/"]}]},{"@type":"ImageObject","inLanguage":"en-US","@id":"https:\/\/bergrettung.tirol\/en\/interreg\/#primaryimage","url":"https:\/\/bergrettung.tirol\/wp-content\/uploads\/2023\/02\/interreg_startbild-scaled.jpg","contentUrl":"https:\/\/bergrettung.tirol\/wp-content\/uploads\/2023\/02\/interreg_startbild-scaled.jpg","width":2560,"height":1143},{"@type":"BreadcrumbList","@id":"https:\/\/bergrettung.tirol\/en\/interreg\/#breadcrumb","itemListElement":[{"@type":"ListItem","position":1,"name":"Startseite","item":"https:\/\/bergrettung.tirol\/"},{"@type":"ListItem","position":2,"name":"InterReg"}]},{"@type":"WebSite","@id":"https:\/\/bergrettung.tirol\/#website","url":"https:\/\/bergrettung.tirol\/","name":"Bergrettung Tirol","description":"professionelle Rettung im alpinen Gel\u00e4nde","publisher":{"@id":"https:\/\/bergrettung.tirol\/#organization"},"potentialAction":[{"@type":"SearchAction","target":{"@type":"EntryPoint","urlTemplate":"https:\/\/bergrettung.tirol\/?s={search_term_string}"},"query-input":{"@type":"PropertyValueSpecification","valueRequired":true,"valueName":"search_term_string"}}],"inLanguage":"en-US"},{"@type":"Organization","@id":"https:\/\/bergrettung.tirol\/#organization","name":"Bergrettung Tirol","url":"https:\/\/bergrettung.tirol\/","logo":{"@type":"ImageObject","inLanguage":"en-US","@id":"https:\/\/bergrettung.tirol\/#\/schema\/logo\/image\/","url":"https:\/\/web.bergrettung.tirol\/wp-content\/uploads\/2022\/05\/cropped-icon.png","contentUrl":"https:\/\/web.bergrettung.tirol\/wp-content\/uploads\/2022\/05\/cropped-icon.png","width":512,"height":512,"caption":"Bergrettung Tirol"},"image":{"@id":"https:\/\/bergrettung.tirol\/#\/schema\/logo\/image\/"},"sameAs":["https:\/\/www.facebook.com\/BergrettungTirol"]}]}},"_links":{"self":[{"href":"https:\/\/bergrettung.tirol\/en\/wp-json\/wp\/v2\/pages\/5423","targetHints":{"allow":["GET"]}}],"collection":[{"href":"https:\/\/bergrettung.tirol\/en\/wp-json\/wp\/v2\/pages"}],"about":[{"href":"https:\/\/bergrettung.tirol\/en\/wp-json\/wp\/v2\/types\/page"}],"author":[{"embeddable":true,"href":"https:\/\/bergrettung.tirol\/en\/wp-json\/wp\/v2\/users\/1"}],"replies":[{"embeddable":true,"href":"https:\/\/bergrettung.tirol\/en\/wp-json\/wp\/v2\/comments?post=5423"}],"version-history":[{"count":2,"href":"https:\/\/bergrettung.tirol\/en\/wp-json\/wp\/v2\/pages\/5423\/revisions"}],"predecessor-version":[{"id":5512,"href":"https:\/\/bergrettung.tirol\/en\/wp-json\/wp\/v2\/pages\/5423\/revisions\/5512"}],"wp:featuredmedia":[{"embeddable":true,"href":"https:\/\/bergrettung.tirol\/en\/wp-json\/wp\/v2\/media\/5150"}],"wp:attachment":[{"href":"https:\/\/bergrettung.tirol\/en\/wp-json\/wp\/v2\/media?parent=5423"}],"curies":[{"name":"wp","href":"https:\/\/api.w.org\/{rel}","templated":true}]}}